{"id":1324,"date":"2019-03-01T20:10:18","date_gmt":"2019-03-01T19:10:18","guid":{"rendered":"http:\/\/niko-24.de\/wp\/?page_id=1324"},"modified":"2019-12-24T11:15:49","modified_gmt":"2019-12-24T10:15:49","slug":"ape-restauration-4","status":"publish","type":"page","link":"https:\/\/niko-24.de\/wp\/oldtimergarage\/ape-93\/piaggio-ape-restauration\/ape-restauration-4\/","title":{"rendered":"Ape-Restauration #4"},"content":{"rendered":"\n<p class=\"has-medium-font-size\"><em><strong>Restaurieren &amp; Montieren &#8211; Fahrwerk<\/strong><\/em><\/p>\n\n\n\n<p>Weiter geht es mit dem Instandsetzen und Montieren des Rahmens ..<\/p>\n\n\n\n<p>Die meiste Zeit musste ich f\u00fcr das Reinigen aufwenden, da der Rahmen sehr stark mit \u00d6l und Schmutz verkrustet war. Das in den unz\u00e4hligen Ecken und Winkeln zu entfernen war eine echte Geduldsprobe \ud83d\ude09<\/p>\n\n\n\n<figure class=\"wp-block-image\"><a href=\"https:\/\/niko-24.de\/wp\/wp-content\/uploads\/2019\/01\/P1060270.jpg\"><img loading=\"lazy\" decoding=\"async\" width=\"1024\" height=\"768\" src=\"https:\/\/niko-24.de\/wp\/wp-content\/uploads\/2019\/01\/P1060270-1024x768.jpg\" alt=\"\" class=\"wp-image-1153\" srcset=\"https:\/\/niko-24.de\/wp\/wp-content\/uploads\/2019\/01\/P1060270-1024x768.jpg 1024w, https:\/\/niko-24.de\/wp\/wp-content\/uploads\/2019\/01\/P1060270-300x225.jpg 300w, https:\/\/niko-24.de\/wp\/wp-content\/uploads\/2019\/01\/P1060270-768x576.jpg 768w\" sizes=\"auto, (max-width: 767px) 89vw, (max-width: 1000px) 54vw, (max-width: 1071px) 543px, 580px\" \/><\/a><figcaption>Der Rahmen vor der Restauration.<\/figcaption><\/figure>\n\n\n\n<figure class=\"wp-block-gallery columns-2 is-cropped wp-block-gallery-1 is-layout-flex wp-block-gallery-is-layout-flex\"><ul class=\"blocks-gallery-grid\"><li class=\"blocks-gallery-item\"><figure><a href=\"https:\/\/niko-24.de\/wp\/wp-content\/uploads\/2019\/03\/20190305_190923-1024x576.jpg\"><img loading=\"lazy\" decoding=\"async\" width=\"1024\" height=\"576\" src=\"https:\/\/niko-24.de\/wp\/wp-content\/uploads\/2019\/03\/20190305_190923-1024x576.jpg\" alt=\"\" data-id=\"1337\" data-link=\"https:\/\/niko-24.de\/wp\/oldtimergarage\/ape\/piaggio-ape-restauration\/ape-restauration-4\/20190305_190923\/\" class=\"wp-image-1337\" srcset=\"https:\/\/niko-24.de\/wp\/wp-content\/uploads\/2019\/03\/20190305_190923-1024x576.jpg 1024w, https:\/\/niko-24.de\/wp\/wp-content\/uploads\/2019\/03\/20190305_190923-300x169.jpg 300w, https:\/\/niko-24.de\/wp\/wp-content\/uploads\/2019\/03\/20190305_190923-768x432.jpg 768w\" sizes=\"auto, (max-width: 767px) 89vw, (max-width: 1000px) 54vw, (max-width: 1071px) 543px, 580px\" \/><\/a><figcaption class=\"blocks-gallery-item__caption\"><strong>Sauber ..<\/strong><\/figcaption><\/figure><\/li><li class=\"blocks-gallery-item\"><figure><a href=\"https:\/\/niko-24.de\/wp\/wp-content\/uploads\/2019\/03\/20190310_203516-1024x576.jpg\"><img loading=\"lazy\" decoding=\"async\" width=\"1024\" height=\"576\" src=\"https:\/\/niko-24.de\/wp\/wp-content\/uploads\/2019\/03\/20190310_203516-1024x576.jpg\" alt=\"\" data-id=\"1338\" data-link=\"https:\/\/niko-24.de\/wp\/oldtimergarage\/ape\/piaggio-ape-restauration\/ape-restauration-4\/20190310_203516\/\" class=\"wp-image-1338\" srcset=\"https:\/\/niko-24.de\/wp\/wp-content\/uploads\/2019\/03\/20190310_203516-1024x576.jpg 1024w, https:\/\/niko-24.de\/wp\/wp-content\/uploads\/2019\/03\/20190310_203516-300x169.jpg 300w, https:\/\/niko-24.de\/wp\/wp-content\/uploads\/2019\/03\/20190310_203516-768x432.jpg 768w\" sizes=\"auto, (max-width: 767px) 89vw, (max-width: 1000px) 54vw, (max-width: 1071px) 543px, 580px\" \/><\/a><figcaption class=\"blocks-gallery-item__caption\"><strong>.. grundiert ..<\/strong><\/figcaption><\/figure><\/li><li class=\"blocks-gallery-item\"><figure><a href=\"https:\/\/niko-24.de\/wp\/wp-content\/uploads\/2019\/03\/20190317_193125-1024x576.jpg\"><img loading=\"lazy\" decoding=\"async\" width=\"1024\" height=\"576\" src=\"https:\/\/niko-24.de\/wp\/wp-content\/uploads\/2019\/03\/20190317_193125-1024x576.jpg\" alt=\"\" data-id=\"1339\" data-link=\"https:\/\/niko-24.de\/wp\/oldtimergarage\/ape\/piaggio-ape-restauration\/ape-restauration-4\/20190317_193125\/\" class=\"wp-image-1339\" srcset=\"https:\/\/niko-24.de\/wp\/wp-content\/uploads\/2019\/03\/20190317_193125-1024x576.jpg 1024w, https:\/\/niko-24.de\/wp\/wp-content\/uploads\/2019\/03\/20190317_193125-300x169.jpg 300w, https:\/\/niko-24.de\/wp\/wp-content\/uploads\/2019\/03\/20190317_193125-768x432.jpg 768w\" sizes=\"auto, (max-width: 767px) 89vw, (max-width: 1000px) 54vw, (max-width: 1071px) 543px, 580px\" \/><\/a><figcaption class=\"blocks-gallery-item__caption\"><strong>.. geschafft, der Rahmen sieht wieder aus wie neu!<\/strong><\/figcaption><\/figure><\/li><\/ul><\/figure>\n\n\n\n<p><strong>07.04.2019<\/strong><\/p>\n\n\n\n<p>Inzwischen habe ich den Hilfsrahmen an die Karosserie der Ape montiert ..<\/p>\n\n\n\n<figure class=\"wp-block-image\"><a href=\"https:\/\/niko-24.de\/wp\/wp-content\/uploads\/2019\/04\/20190326_183230-e1554632051434.jpg\"><img loading=\"lazy\" decoding=\"async\" width=\"576\" height=\"1024\" src=\"https:\/\/niko-24.de\/wp\/wp-content\/uploads\/2019\/04\/20190326_183230-e1554632051434-576x1024.jpg\" alt=\"\" class=\"wp-image-1355\" srcset=\"https:\/\/niko-24.de\/wp\/wp-content\/uploads\/2019\/04\/20190326_183230-e1554632051434-576x1024.jpg 576w, https:\/\/niko-24.de\/wp\/wp-content\/uploads\/2019\/04\/20190326_183230-e1554632051434-169x300.jpg 169w, https:\/\/niko-24.de\/wp\/wp-content\/uploads\/2019\/04\/20190326_183230-e1554632051434-768x1365.jpg 768w\" sizes=\"auto, (max-width: 576px) 100vw, 576px\" \/><\/a><\/figure>\n\n\n\n<p>.. und mit der Instandsetzung der anderen Fahrwerksteile begonnen.<\/p>\n\n\n\n<figure class=\"wp-block-gallery columns-2 wp-block-gallery-2 is-layout-flex wp-block-gallery-is-layout-flex\"><ul class=\"blocks-gallery-grid\"><li class=\"blocks-gallery-item\"><figure><a href=\"https:\/\/niko-24.de\/wp\/wp-content\/uploads\/2019\/04\/20190328_173828-1024x576.jpg\"><img loading=\"lazy\" decoding=\"async\" width=\"1024\" height=\"576\" src=\"https:\/\/niko-24.de\/wp\/wp-content\/uploads\/2019\/04\/20190328_173828-1024x576.jpg\" alt=\"\" data-id=\"1356\" data-link=\"https:\/\/niko-24.de\/wp\/20190328_173828\/\" class=\"wp-image-1356\" srcset=\"https:\/\/niko-24.de\/wp\/wp-content\/uploads\/2019\/04\/20190328_173828-1024x576.jpg 1024w, https:\/\/niko-24.de\/wp\/wp-content\/uploads\/2019\/04\/20190328_173828-300x169.jpg 300w, https:\/\/niko-24.de\/wp\/wp-content\/uploads\/2019\/04\/20190328_173828-768x432.jpg 768w\" sizes=\"auto, (max-width: 767px) 89vw, (max-width: 1000px) 54vw, (max-width: 1071px) 543px, 580px\" \/><\/a><\/figure><\/li><li class=\"blocks-gallery-item\"><figure><a href=\"https:\/\/niko-24.de\/wp\/wp-content\/uploads\/2019\/04\/20190404_164353-1024x576.jpg\"><img loading=\"lazy\" decoding=\"async\" width=\"1024\" height=\"576\" src=\"https:\/\/niko-24.de\/wp\/wp-content\/uploads\/2019\/04\/20190404_164353-1024x576.jpg\" alt=\"\" data-id=\"1357\" data-link=\"https:\/\/niko-24.de\/wp\/20190404_164353\/\" class=\"wp-image-1357\" srcset=\"https:\/\/niko-24.de\/wp\/wp-content\/uploads\/2019\/04\/20190404_164353-1024x576.jpg 1024w, https:\/\/niko-24.de\/wp\/wp-content\/uploads\/2019\/04\/20190404_164353-300x169.jpg 300w, https:\/\/niko-24.de\/wp\/wp-content\/uploads\/2019\/04\/20190404_164353-768x432.jpg 768w\" sizes=\"auto, (max-width: 767px) 89vw, (max-width: 1000px) 54vw, (max-width: 1071px) 543px, 580px\" \/><\/a><\/figure><\/li><li class=\"blocks-gallery-item\"><figure><a href=\"https:\/\/niko-24.de\/wp\/wp-content\/uploads\/2019\/04\/20190406_194357-e1554632200576-576x1024.jpg\"><img loading=\"lazy\" decoding=\"async\" width=\"576\" height=\"1024\" src=\"https:\/\/niko-24.de\/wp\/wp-content\/uploads\/2019\/04\/20190406_194357-e1554632200576-576x1024.jpg\" alt=\"\" data-id=\"1359\" data-link=\"https:\/\/niko-24.de\/wp\/20190406_194357\/\" class=\"wp-image-1359\" srcset=\"https:\/\/niko-24.de\/wp\/wp-content\/uploads\/2019\/04\/20190406_194357-e1554632200576-576x1024.jpg 576w, https:\/\/niko-24.de\/wp\/wp-content\/uploads\/2019\/04\/20190406_194357-e1554632200576-169x300.jpg 169w, https:\/\/niko-24.de\/wp\/wp-content\/uploads\/2019\/04\/20190406_194357-e1554632200576-768x1365.jpg 768w\" sizes=\"auto, (max-width: 576px) 100vw, 576px\" \/><\/a><\/figure><\/li><li class=\"blocks-gallery-item\"><figure><a href=\"https:\/\/niko-24.de\/wp\/wp-content\/uploads\/2019\/04\/20190406_194404-e1554632214715-576x1024.jpg\"><img loading=\"lazy\" decoding=\"async\" width=\"576\" height=\"1024\" src=\"https:\/\/niko-24.de\/wp\/wp-content\/uploads\/2019\/04\/20190406_194404-e1554632214715-576x1024.jpg\" alt=\"\" data-id=\"1360\" data-link=\"https:\/\/niko-24.de\/wp\/20190406_194404\/\" class=\"wp-image-1360\" srcset=\"https:\/\/niko-24.de\/wp\/wp-content\/uploads\/2019\/04\/20190406_194404-e1554632214715-576x1024.jpg 576w, https:\/\/niko-24.de\/wp\/wp-content\/uploads\/2019\/04\/20190406_194404-e1554632214715-169x300.jpg 169w, https:\/\/niko-24.de\/wp\/wp-content\/uploads\/2019\/04\/20190406_194404-e1554632214715-768x1365.jpg 768w\" sizes=\"auto, (max-width: 576px) 100vw, 576px\" \/><\/a><\/figure><\/li><li class=\"blocks-gallery-item\"><figure><a href=\"https:\/\/niko-24.de\/wp\/wp-content\/uploads\/2019\/04\/20190406_194429-1024x576.jpg\"><img loading=\"lazy\" decoding=\"async\" width=\"1024\" height=\"576\" src=\"https:\/\/niko-24.de\/wp\/wp-content\/uploads\/2019\/04\/20190406_194429-1024x576.jpg\" alt=\"\" data-id=\"1361\" data-link=\"https:\/\/niko-24.de\/wp\/20190406_194429\/\" class=\"wp-image-1361\" srcset=\"https:\/\/niko-24.de\/wp\/wp-content\/uploads\/2019\/04\/20190406_194429-1024x576.jpg 1024w, https:\/\/niko-24.de\/wp\/wp-content\/uploads\/2019\/04\/20190406_194429-300x169.jpg 300w, https:\/\/niko-24.de\/wp\/wp-content\/uploads\/2019\/04\/20190406_194429-768x432.jpg 768w\" sizes=\"auto, (max-width: 767px) 89vw, (max-width: 1000px) 54vw, (max-width: 1071px) 543px, 580px\" \/><\/a><\/figure><\/li><\/ul><\/figure>\n\n\n\n<p><strong>14.04.2019<\/strong><\/p>\n\n\n\n<p>Es geht voran, die ersten Teile des Fahrwerks erstrahlen wieder in neuem Glanz und sind bereit f\u00fcr die Montage.<\/p>\n\n\n\n<figure class=\"wp-block-gallery columns-0 is-cropped wp-block-gallery-3 is-layout-flex wp-block-gallery-is-layout-flex\"><ul class=\"blocks-gallery-grid\"><li class=\"blocks-gallery-item\"><figure><a href=\"https:\/\/niko-24.de\/wp\/wp-content\/uploads\/2019\/04\/20190413_171417-e1555270554946-576x1024.jpg\"><img loading=\"lazy\" decoding=\"async\" width=\"576\" height=\"1024\" src=\"https:\/\/niko-24.de\/wp\/wp-content\/uploads\/2019\/04\/20190413_171417-e1555270554946-576x1024.jpg\" alt=\"\" data-id=\"1382\" data-link=\"https:\/\/niko-24.de\/wp\/20190413_171417\/\" class=\"wp-image-1382\" srcset=\"https:\/\/niko-24.de\/wp\/wp-content\/uploads\/2019\/04\/20190413_171417-e1555270554946-576x1024.jpg 576w, https:\/\/niko-24.de\/wp\/wp-content\/uploads\/2019\/04\/20190413_171417-e1555270554946-169x300.jpg 169w, https:\/\/niko-24.de\/wp\/wp-content\/uploads\/2019\/04\/20190413_171417-e1555270554946-768x1365.jpg 768w\" sizes=\"auto, (max-width: 576px) 100vw, 576px\" \/><\/a><\/figure><\/li><li class=\"blocks-gallery-item\"><figure><a href=\"https:\/\/niko-24.de\/wp\/wp-content\/uploads\/2019\/04\/20190413_171359-1024x576.jpg\"><img loading=\"lazy\" decoding=\"async\" width=\"1024\" height=\"576\" src=\"https:\/\/niko-24.de\/wp\/wp-content\/uploads\/2019\/04\/20190413_171359-1024x576.jpg\" alt=\"\" data-id=\"1381\" data-link=\"https:\/\/niko-24.de\/wp\/20190413_171359\/\" class=\"wp-image-1381\" srcset=\"https:\/\/niko-24.de\/wp\/wp-content\/uploads\/2019\/04\/20190413_171359-1024x576.jpg 1024w, https:\/\/niko-24.de\/wp\/wp-content\/uploads\/2019\/04\/20190413_171359-300x169.jpg 300w, https:\/\/niko-24.de\/wp\/wp-content\/uploads\/2019\/04\/20190413_171359-768x432.jpg 768w\" sizes=\"auto, (max-width: 767px) 89vw, (max-width: 1000px) 54vw, (max-width: 1071px) 543px, 580px\" \/><\/a><\/figure><\/li><li class=\"blocks-gallery-item\"><figure><a href=\"https:\/\/niko-24.de\/wp\/wp-content\/uploads\/2019\/04\/20190413_191716-1024x576.jpg\"><img loading=\"lazy\" decoding=\"async\" width=\"1024\" height=\"576\" src=\"https:\/\/niko-24.de\/wp\/wp-content\/uploads\/2019\/04\/20190413_191716-1024x576.jpg\" alt=\"\" data-id=\"1380\" data-link=\"https:\/\/niko-24.de\/wp\/20190413_191716\/\" class=\"wp-image-1380\" srcset=\"https:\/\/niko-24.de\/wp\/wp-content\/uploads\/2019\/04\/20190413_191716-1024x576.jpg 1024w, https:\/\/niko-24.de\/wp\/wp-content\/uploads\/2019\/04\/20190413_191716-300x169.jpg 300w, https:\/\/niko-24.de\/wp\/wp-content\/uploads\/2019\/04\/20190413_191716-768x432.jpg 768w\" sizes=\"auto, (max-width: 767px) 89vw, (max-width: 1000px) 54vw, (max-width: 1071px) 543px, 580px\" \/><\/a><\/figure><\/li><\/ul><\/figure>\n\n\n\n<p><strong>25.04.2019<\/strong><\/p>\n\n\n\n<p>Auch die Teile der Bremsen werden entrostet und neu lackiert ..<\/p>\n\n\n\n<figure class=\"wp-block-gallery columns-3 is-cropped wp-block-gallery-4 is-layout-flex wp-block-gallery-is-layout-flex\"><ul class=\"blocks-gallery-grid\"><li class=\"blocks-gallery-item\"><figure><a href=\"https:\/\/niko-24.de\/wp\/wp-content\/uploads\/2019\/04\/20190424_163759-1024x576.jpg\"><img loading=\"lazy\" decoding=\"async\" width=\"1024\" height=\"576\" src=\"https:\/\/niko-24.de\/wp\/wp-content\/uploads\/2019\/04\/20190424_163759-1024x576.jpg\" alt=\"\" data-id=\"1386\" data-link=\"https:\/\/niko-24.de\/wp\/20190424_163759\/\" class=\"wp-image-1386\" srcset=\"https:\/\/niko-24.de\/wp\/wp-content\/uploads\/2019\/04\/20190424_163759-1024x576.jpg 1024w, https:\/\/niko-24.de\/wp\/wp-content\/uploads\/2019\/04\/20190424_163759-300x169.jpg 300w, https:\/\/niko-24.de\/wp\/wp-content\/uploads\/2019\/04\/20190424_163759-768x432.jpg 768w\" sizes=\"auto, (max-width: 767px) 89vw, (max-width: 1000px) 54vw, (max-width: 1071px) 543px, 580px\" \/><\/a><\/figure><\/li><li class=\"blocks-gallery-item\"><figure><a href=\"https:\/\/niko-24.de\/wp\/wp-content\/uploads\/2019\/04\/20190424_163819-1024x576.jpg\"><img loading=\"lazy\" decoding=\"async\" width=\"1024\" height=\"576\" src=\"https:\/\/niko-24.de\/wp\/wp-content\/uploads\/2019\/04\/20190424_163819-1024x576.jpg\" alt=\"\" data-id=\"1387\" data-link=\"https:\/\/niko-24.de\/wp\/20190424_163819\/\" class=\"wp-image-1387\" srcset=\"https:\/\/niko-24.de\/wp\/wp-content\/uploads\/2019\/04\/20190424_163819-1024x576.jpg 1024w, https:\/\/niko-24.de\/wp\/wp-content\/uploads\/2019\/04\/20190424_163819-300x169.jpg 300w, https:\/\/niko-24.de\/wp\/wp-content\/uploads\/2019\/04\/20190424_163819-768x432.jpg 768w\" sizes=\"auto, (max-width: 767px) 89vw, (max-width: 1000px) 54vw, (max-width: 1071px) 543px, 580px\" \/><\/a><\/figure><\/li><li class=\"blocks-gallery-item\"><figure><a href=\"https:\/\/niko-24.de\/wp\/wp-content\/uploads\/2019\/04\/20190424_181420-1024x576.jpg\"><img loading=\"lazy\" decoding=\"async\" width=\"1024\" height=\"576\" src=\"https:\/\/niko-24.de\/wp\/wp-content\/uploads\/2019\/04\/20190424_181420-1024x576.jpg\" alt=\"\" data-id=\"1388\" data-link=\"https:\/\/niko-24.de\/wp\/20190424_181420\/\" class=\"wp-image-1388\" srcset=\"https:\/\/niko-24.de\/wp\/wp-content\/uploads\/2019\/04\/20190424_181420-1024x576.jpg 1024w, https:\/\/niko-24.de\/wp\/wp-content\/uploads\/2019\/04\/20190424_181420-300x169.jpg 300w, https:\/\/niko-24.de\/wp\/wp-content\/uploads\/2019\/04\/20190424_181420-768x432.jpg 768w\" sizes=\"auto, (max-width: 767px) 89vw, (max-width: 1000px) 54vw, (max-width: 1071px) 543px, 580px\" \/><\/a><\/figure><\/li><li class=\"blocks-gallery-item\"><figure><a href=\"https:\/\/niko-24.de\/wp\/wp-content\/uploads\/2019\/04\/20190424_181429-1024x576.jpg\"><img loading=\"lazy\" decoding=\"async\" width=\"1024\" height=\"576\" src=\"https:\/\/niko-24.de\/wp\/wp-content\/uploads\/2019\/04\/20190424_181429-1024x576.jpg\" alt=\"\" data-id=\"1389\" data-link=\"https:\/\/niko-24.de\/wp\/20190424_181429\/\" class=\"wp-image-1389\" srcset=\"https:\/\/niko-24.de\/wp\/wp-content\/uploads\/2019\/04\/20190424_181429-1024x576.jpg 1024w, https:\/\/niko-24.de\/wp\/wp-content\/uploads\/2019\/04\/20190424_181429-300x169.jpg 300w, https:\/\/niko-24.de\/wp\/wp-content\/uploads\/2019\/04\/20190424_181429-768x432.jpg 768w\" sizes=\"auto, (max-width: 767px) 89vw, (max-width: 1000px) 54vw, (max-width: 1071px) 543px, 580px\" \/><\/a><\/figure><\/li><li class=\"blocks-gallery-item\"><figure><a href=\"https:\/\/niko-24.de\/wp\/wp-content\/uploads\/2019\/04\/20190424_181405-e1556217029987-576x1024.jpg\"><img loading=\"lazy\" decoding=\"async\" width=\"576\" height=\"1024\" src=\"https:\/\/niko-24.de\/wp\/wp-content\/uploads\/2019\/04\/20190424_181405-e1556217029987-576x1024.jpg\" alt=\"\" data-id=\"1391\" data-link=\"https:\/\/niko-24.de\/wp\/oldtimergarage\/ape\/piaggio-ape-restauration\/ape-restauration-4\/20190424_181405\/\" class=\"wp-image-1391\" srcset=\"https:\/\/niko-24.de\/wp\/wp-content\/uploads\/2019\/04\/20190424_181405-e1556217029987-576x1024.jpg 576w, https:\/\/niko-24.de\/wp\/wp-content\/uploads\/2019\/04\/20190424_181405-e1556217029987-169x300.jpg 169w, https:\/\/niko-24.de\/wp\/wp-content\/uploads\/2019\/04\/20190424_181405-e1556217029987-768x1365.jpg 768w\" sizes=\"auto, (max-width: 576px) 100vw, 576px\" \/><\/a><\/figure><\/li><\/ul><\/figure>\n\n\n\n<p><strong>05.05.2019<\/strong><\/p>\n\n\n\n<p>Inzwischen ist das Fahrwerk der Ape wieder aufgearbeitet und montiert. St\u00fcck f\u00fcr St\u00fcck erwacht die Ape wieder zu neuem Leben \ud83d\ude42<\/p>\n\n\n\n<figure class=\"wp-block-gallery columns-2 is-cropped wp-block-gallery-5 is-layout-flex wp-block-gallery-is-layout-flex\"><ul class=\"blocks-gallery-grid\"><li class=\"blocks-gallery-item\"><figure><a href=\"https:\/\/niko-24.de\/wp\/wp-content\/uploads\/2019\/05\/20190427_174647-e1557045009146-576x1024.jpg\"><img loading=\"lazy\" decoding=\"async\" width=\"576\" height=\"1024\" src=\"https:\/\/niko-24.de\/wp\/wp-content\/uploads\/2019\/05\/20190427_174647-e1557045009146-576x1024.jpg\" alt=\"\" data-id=\"1399\" data-link=\"https:\/\/niko-24.de\/wp\/20190427_174647\/\" class=\"wp-image-1399\" srcset=\"https:\/\/niko-24.de\/wp\/wp-content\/uploads\/2019\/05\/20190427_174647-e1557045009146-576x1024.jpg 576w, https:\/\/niko-24.de\/wp\/wp-content\/uploads\/2019\/05\/20190427_174647-e1557045009146-169x300.jpg 169w, https:\/\/niko-24.de\/wp\/wp-content\/uploads\/2019\/05\/20190427_174647-e1557045009146-768x1365.jpg 768w\" sizes=\"auto, (max-width: 576px) 100vw, 576px\" \/><\/a><\/figure><\/li><li class=\"blocks-gallery-item\"><figure><a href=\"https:\/\/niko-24.de\/wp\/wp-content\/uploads\/2019\/05\/20190427_174637-e1557045024497-576x1024.jpg\"><img loading=\"lazy\" decoding=\"async\" width=\"576\" height=\"1024\" src=\"https:\/\/niko-24.de\/wp\/wp-content\/uploads\/2019\/05\/20190427_174637-e1557045024497-576x1024.jpg\" alt=\"\" data-id=\"1398\" data-link=\"https:\/\/niko-24.de\/wp\/20190427_174637\/\" class=\"wp-image-1398\" srcset=\"https:\/\/niko-24.de\/wp\/wp-content\/uploads\/2019\/05\/20190427_174637-e1557045024497-576x1024.jpg 576w, https:\/\/niko-24.de\/wp\/wp-content\/uploads\/2019\/05\/20190427_174637-e1557045024497-169x300.jpg 169w, https:\/\/niko-24.de\/wp\/wp-content\/uploads\/2019\/05\/20190427_174637-e1557045024497-768x1365.jpg 768w\" sizes=\"auto, (max-width: 576px) 100vw, 576px\" \/><\/a><\/figure><\/li><li class=\"blocks-gallery-item\"><figure><a href=\"https:\/\/niko-24.de\/wp\/wp-content\/uploads\/2019\/05\/20190427_192137-1024x576.jpg\"><img loading=\"lazy\" decoding=\"async\" width=\"1024\" height=\"576\" src=\"https:\/\/niko-24.de\/wp\/wp-content\/uploads\/2019\/05\/20190427_192137-1024x576.jpg\" alt=\"\" data-id=\"1403\" data-link=\"https:\/\/niko-24.de\/wp\/20190427_192137\/\" class=\"wp-image-1403\" srcset=\"https:\/\/niko-24.de\/wp\/wp-content\/uploads\/2019\/05\/20190427_192137-1024x576.jpg 1024w, https:\/\/niko-24.de\/wp\/wp-content\/uploads\/2019\/05\/20190427_192137-300x169.jpg 300w, https:\/\/niko-24.de\/wp\/wp-content\/uploads\/2019\/05\/20190427_192137-768x432.jpg 768w\" sizes=\"auto, (max-width: 767px) 89vw, (max-width: 1000px) 54vw, (max-width: 1071px) 543px, 580px\" \/><\/a><\/figure><\/li><li class=\"blocks-gallery-item\"><figure><a href=\"https:\/\/niko-24.de\/wp\/wp-content\/uploads\/2019\/05\/20190427_192045-e1557044997631-576x1024.jpg\"><img loading=\"lazy\" decoding=\"async\" width=\"576\" height=\"1024\" src=\"https:\/\/niko-24.de\/wp\/wp-content\/uploads\/2019\/05\/20190427_192045-e1557044997631-576x1024.jpg\" alt=\"\" data-id=\"1402\" data-link=\"https:\/\/niko-24.de\/wp\/20190427_192045\/\" class=\"wp-image-1402\" srcset=\"https:\/\/niko-24.de\/wp\/wp-content\/uploads\/2019\/05\/20190427_192045-e1557044997631-576x1024.jpg 576w, https:\/\/niko-24.de\/wp\/wp-content\/uploads\/2019\/05\/20190427_192045-e1557044997631-169x300.jpg 169w, https:\/\/niko-24.de\/wp\/wp-content\/uploads\/2019\/05\/20190427_192045-e1557044997631-768x1365.jpg 768w\" sizes=\"auto, (max-width: 576px) 100vw, 576px\" \/><\/a><\/figure><\/li><li class=\"blocks-gallery-item\"><figure><a href=\"https:\/\/niko-24.de\/wp\/wp-content\/uploads\/2019\/05\/20190427_174709-1024x576.jpg\"><img loading=\"lazy\" decoding=\"async\" width=\"1024\" height=\"576\" src=\"https:\/\/niko-24.de\/wp\/wp-content\/uploads\/2019\/05\/20190427_174709-1024x576.jpg\" alt=\"\" data-id=\"1401\" data-link=\"https:\/\/niko-24.de\/wp\/20190427_174709\/\" class=\"wp-image-1401\" srcset=\"https:\/\/niko-24.de\/wp\/wp-content\/uploads\/2019\/05\/20190427_174709-1024x576.jpg 1024w, https:\/\/niko-24.de\/wp\/wp-content\/uploads\/2019\/05\/20190427_174709-300x169.jpg 300w, https:\/\/niko-24.de\/wp\/wp-content\/uploads\/2019\/05\/20190427_174709-768x432.jpg 768w\" sizes=\"auto, (max-width: 767px) 89vw, (max-width: 1000px) 54vw, (max-width: 1071px) 543px, 580px\" \/><\/a><\/figure><\/li><\/ul><\/figure>\n\n\n\n<figure class=\"wp-block-image\"><a href=\"https:\/\/niko-24.de\/wp\/wp-content\/uploads\/2019\/05\/20190427_192038.jpg\"><img loading=\"lazy\" decoding=\"async\" width=\"1024\" height=\"576\" src=\"https:\/\/niko-24.de\/wp\/wp-content\/uploads\/2019\/05\/20190427_192038-1024x576.jpg\" alt=\"\" class=\"wp-image-1405\" srcset=\"https:\/\/niko-24.de\/wp\/wp-content\/uploads\/2019\/05\/20190427_192038-1024x576.jpg 1024w, https:\/\/niko-24.de\/wp\/wp-content\/uploads\/2019\/05\/20190427_192038-300x169.jpg 300w, https:\/\/niko-24.de\/wp\/wp-content\/uploads\/2019\/05\/20190427_192038-768x432.jpg 768w\" sizes=\"auto, (max-width: 767px) 89vw, (max-width: 1000px) 54vw, (max-width: 1071px) 543px, 580px\" \/><\/a><\/figure>\n\n\n\n<p><strong>10.05.2019<\/strong><\/p>\n\n\n\n<p>Geschafft .. die Ape steht wieder auf ihren eigenen R\u00e4dern. Diese wurden vor der Montage sandgestrahlt und pulverbeschichtet.<\/p>\n\n\n\n<p>Kaum zu glauben, es war garnicht so einfach jemanden zu finden, der solch kleine Reifen montieren kann ..<\/p>\n\n\n\n<figure class=\"wp-block-image\"><a href=\"https:\/\/niko-24.de\/wp\/wp-content\/uploads\/2019\/05\/20190510_190709.jpg\"><img loading=\"lazy\" decoding=\"async\" width=\"1024\" height=\"576\" src=\"https:\/\/niko-24.de\/wp\/wp-content\/uploads\/2019\/05\/20190510_190709-1024x576.jpg\" alt=\"\" class=\"wp-image-1420\" srcset=\"https:\/\/niko-24.de\/wp\/wp-content\/uploads\/2019\/05\/20190510_190709-1024x576.jpg 1024w, https:\/\/niko-24.de\/wp\/wp-content\/uploads\/2019\/05\/20190510_190709-300x169.jpg 300w, https:\/\/niko-24.de\/wp\/wp-content\/uploads\/2019\/05\/20190510_190709-768x432.jpg 768w\" sizes=\"auto, (max-width: 767px) 89vw, (max-width: 1000px) 54vw, (max-width: 1071px) 543px, 580px\" \/><\/a><\/figure>\n\n\n\n<p><strong>20.05.2019<\/strong><\/p>\n\n\n\n<p>Weiter geht es mit den Anbauteilen in der Karosserie, danach mit der Technik.<\/p>\n\n\n\n<figure class=\"wp-block-image\"><a href=\"https:\/\/niko-24.de\/wp\/wp-content\/uploads\/2019\/05\/20190510_200825.jpg\"><img loading=\"lazy\" decoding=\"async\" width=\"1024\" height=\"576\" src=\"https:\/\/niko-24.de\/wp\/wp-content\/uploads\/2019\/05\/20190510_200825-1024x576.jpg\" alt=\"\" class=\"wp-image-1426\" srcset=\"https:\/\/niko-24.de\/wp\/wp-content\/uploads\/2019\/05\/20190510_200825-1024x576.jpg 1024w, https:\/\/niko-24.de\/wp\/wp-content\/uploads\/2019\/05\/20190510_200825-300x169.jpg 300w, https:\/\/niko-24.de\/wp\/wp-content\/uploads\/2019\/05\/20190510_200825-768x432.jpg 768w\" sizes=\"auto, (max-width: 767px) 89vw, (max-width: 1000px) 54vw, (max-width: 1071px) 543px, 580px\" \/><\/a><\/figure>\n\n\n\n<p><a href=\"https:\/\/niko-24.de\/wp\/oldtimergarage\/ape\/piaggio-ape-restauration\/ape-restauration-5\/\">weiter<\/a><\/p>\n","protected":false},"excerpt":{"rendered":"<p>Restaurieren &amp; Montieren &#8211; Fahrwerk Weiter geht es mit dem Instandsetzen und Montieren des Rahmens .. Die meiste Zeit musste ich f\u00fcr das Reinigen aufwenden, da der Rahmen sehr stark mit \u00d6l und Schmutz verkrustet war. Das in den unz\u00e4hligen Ecken und Winkeln zu entfernen war eine echte Geduldsprobe \ud83d\ude09 07.04.2019 Inzwischen habe ich den &hellip; <\/p>\n<p class=\"link-more\"><a href=\"https:\/\/niko-24.de\/wp\/oldtimergarage\/ape-93\/piaggio-ape-restauration\/ape-restauration-4\/\" class=\"more-link\"><span class=\"screen-reader-text\">\u201eApe-Restauration #4\u201c<\/span> weiterlesen<\/a><\/p>\n","protected":false},"author":1,"featured_media":0,"parent":248,"menu_order":4,"comment_status":"closed","ping_status":"closed","template":"","meta":{"footnotes":""},"class_list":["post-1324","page","type-page","status-publish","hentry"],"_links":{"self":[{"href":"https:\/\/niko-24.de\/wp\/wp-json\/wp\/v2\/pages\/1324","targetHints":{"allow":["GET"]}}],"collection":[{"href":"https:\/\/niko-24.de\/wp\/wp-json\/wp\/v2\/pages"}],"about":[{"href":"https:\/\/niko-24.de\/wp\/wp-json\/wp\/v2\/types\/page"}],"author":[{"embeddable":true,"href":"https:\/\/niko-24.de\/wp\/wp-json\/wp\/v2\/users\/1"}],"replies":[{"embeddable":true,"href":"https:\/\/niko-24.de\/wp\/wp-json\/wp\/v2\/comments?post=1324"}],"version-history":[{"count":16,"href":"https:\/\/niko-24.de\/wp\/wp-json\/wp\/v2\/pages\/1324\/revisions"}],"predecessor-version":[{"id":1669,"href":"https:\/\/niko-24.de\/wp\/wp-json\/wp\/v2\/pages\/1324\/revisions\/1669"}],"up":[{"embeddable":true,"href":"https:\/\/niko-24.de\/wp\/wp-json\/wp\/v2\/pages\/248"}],"wp:attachment":[{"href":"https:\/\/niko-24.de\/wp\/wp-json\/wp\/v2\/media?parent=1324"}],"curies":[{"name":"wp","href":"https:\/\/api.w.org\/{rel}","templated":true}]}}